{"id":9,"date":"2014-06-07T09:06:54","date_gmt":"2014-06-07T09:06:54","guid":{"rendered":"http:\/\/frillesasfiber.se\/cms2\/?page_id=9"},"modified":"2023-03-14T10:23:46","modified_gmt":"2023-03-14T09:23:46","slug":"bli-medlem","status":"publish","type":"page","link":"https:\/\/frillesasfiber.se\/cms2\/bli-medlem\/","title":{"rendered":"Bli medlem"},"content":{"rendered":"<p><a href=\"http:\/\/frillesasfiber.se\/\">Frilles\u00e5s\u00a0\u00d6stra Fibern\u00e4t (frillesasfiber.se)<\/a> \u00e4r en ekonomisk f\u00f6rening som driver ett fibern\u00e4t i Frilles\u00e5s landsbygd, \u00f6ster om motorv\u00e4gen (vi har inget n\u00e4t v\u00e4ster om motorv\u00e4gen).<\/p>\n<p>F\u00f6reningen \u00e4ger sitt fibern\u00e4t sj\u00e4lv och en ny\u00a0anslutning bekostas av den nya medlemmen. F\u00f6reningen har inget vinstsyfte, men tar ut en kostnad f\u00f6r att ansluta som skall s\u00e4kerst\u00e4lla att eventuella st\u00f6rre ombyggnader inte belastar en ny enskild medlem.<\/p>\n<p>Kontakta g\u00e4rna <a href=\"mailto:styrelse@frillesasfiber.se\">styrelsen<\/a> om det \u00e4r s\u00e5 att ni funderar p\u00e5 att bygga nytt eller flytta hit till en icke ansluten fastighet s\u00e5\u00a0hj\u00e4lper vi er g\u00e4rna med att ta fram ett kostnadsf\u00f6rslag.<\/p>\n\n\n<p class=\"has-medium-font-size\">Om nyanslutningar<\/p>\n\n\n\n<p>I v\u00e5rt n\u00e4t har vi fram till december 2028 ett kollektivt avtal med Telia (Telia Lagom), och det inneb\u00e4r att andra operat\u00f6rer inte \u00e4r m\u00f6jliga. Det inneb\u00e4r ocks\u00e5 att ansluter man sig till fibern\u00e4tet s\u00e5 \u00e4r man bunden fram till att det kollektiva avtalet upph\u00f6r. \u00c4r man intresserad av att ansluta sig till v\u00e5rt fibern\u00e4t s\u00e5 kontaktas v\u00e5r kass\u00f6r (se <a href=\"https:\/\/frillesasfiber.se\/cms2\/kontaktinformation\/\" data-type=\"page\" data-id=\"5\">Kontaktinformation<\/a>), som g\u00f6r en kostnadskalkyl. Det \u00e4r en uppskattning av kostnaden och inte det faktiska priset.<\/p>\n\n\n\n<p>I kostnadskalkylen ing\u00e5r:<br>Insats i f\u00f6reningen<br>Projektering<br>Fibermaterial<br>Telias utrustning<br>Bl\u00e5sning av fiber<\/p>\n\n\n\n<p>I kostnadskalkylen ing\u00e5r<strong> inte<\/strong>:<br>Gr\u00e4vningsarbeten<br>Arbeten i hemmet  (t.ex. dragning av n\u00e4tverkskabel och inkoppling av TV-boxar och router)<\/p>\n\n\n\n<p>Tv\u00e5 g\u00e5nger om \u00e5ret kan nya kunder ansluta till v\u00e5rt fibern\u00e4t (1 oktober och 1 april). Senast 6 veckor innan detta kontaktas n\u00e5gon i styrelsen, eftersom det \u00e4r leveranstid hos Telia. Att nya medlemmar endast ansluts tv\u00e5 g\u00e5nger per \u00e5r inneb\u00e4r att vi kan h\u00e5lla nere anslutningskostnaden.<\/p>\n\n\n\n<p>Fastighets\u00e4garen \u00e4r kund hos Telia och st\u00e5r p\u00e5 abonnemanget, men kostnaden f\u00f6r Telia Lagom betalas till fiberf\u00f6reningen som i sin tur betalar Telia. Betalningen sker varannan m\u00e5nad via autogiro och aviseras med sms. Datum f\u00f6r dragningarna publiceras p\u00e5 hemsidan och avgiften beslutas p\u00e5 \u00e5rsm\u00f6tet. Tj\u00e4nster ut\u00f6ver Telia Lagom betalas direkt till Telia.<\/p>\n","protected":false},"excerpt":{"rendered":"<p>Frilles\u00e5s\u00a0\u00d6stra Fibern\u00e4t (frillesasfiber.se) \u00e4r en ekonomisk f\u00f6rening som driver ett fibern\u00e4t i Frilles\u00e5s landsbygd, \u00f6ster om motorv\u00e4gen (vi har inget n\u00e4t v\u00e4ster om motorv\u00e4gen). F\u00f6reningen \u00e4ger sitt fibern\u00e4t sj\u00e4lv och en ny\u00a0anslutning bekostas av den nya medlemmen. F\u00f6reningen har inget vinstsyfte, men tar ut en kostnad f\u00f6r att ansluta som skall s\u00e4kerst\u00e4lla att eventuella st\u00f6rre &hellip; <a href=\"https:\/\/frillesasfiber.se\/cms2\/bli-medlem\/\" class=\"more-link\">Forts\u00e4tt l\u00e4sa <span class=\"screen-reader-text\">Bli medlem<\/span> <span class=\"meta-nav\">&rarr;<\/span><\/a><\/p>\n","protected":false},"author":1,"featured_media":0,"parent":0,"menu_order":0,"comment_status":"closed","ping_status":"closed","template":"","meta":{"footnotes":""},"class_list":["post-9","page","type-page","status-publish","hentry"],"_links":{"self":[{"href":"https:\/\/frillesasfiber.se\/cms2\/wp-json\/wp\/v2\/pages\/9","targetHints":{"allow":["GET"]}}],"collection":[{"href":"https:\/\/frillesasfiber.se\/cms2\/wp-json\/wp\/v2\/pages"}],"about":[{"href":"https:\/\/frillesasfiber.se\/cms2\/wp-json\/wp\/v2\/types\/page"}],"author":[{"embeddable":true,"href":"https:\/\/frillesasfiber.se\/cms2\/wp-json\/wp\/v2\/users\/1"}],"replies":[{"embeddable":true,"href":"https:\/\/frillesasfiber.se\/cms2\/wp-json\/wp\/v2\/comments?post=9"}],"version-history":[{"count":10,"href":"https:\/\/frillesasfiber.se\/cms2\/wp-json\/wp\/v2\/pages\/9\/revisions"}],"predecessor-version":[{"id":535,"href":"https:\/\/frillesasfiber.se\/cms2\/wp-json\/wp\/v2\/pages\/9\/revisions\/535"}],"wp:attachment":[{"href":"https:\/\/frillesasfiber.se\/cms2\/wp-json\/wp\/v2\/media?parent=9"}],"curies":[{"name":"wp","href":"https:\/\/api.w.org\/{rel}","templated":true}]}}