{"id":5,"date":"2014-06-07T09:04:15","date_gmt":"2014-06-07T09:04:15","guid":{"rendered":"http:\/\/frillesasfiber.se\/cms2\/?page_id=5"},"modified":"2026-01-20T20:19:28","modified_gmt":"2026-01-20T19:19:28","slug":"kontaktinformation","status":"publish","type":"page","link":"https:\/\/frillesasfiber.se\/cms2\/kontaktinformation\/","title":{"rendered":"Kontaktinformation"},"content":{"rendered":"\n<p><\/p>\n\n\n\n<p><strong>Telia<\/strong><\/p>\n\n\n\n<p>I f\u00f6rsta han kontakta Telia&#8217;s kundtj\u00e4nst f\u00f6r kollektiva tj\u00e4nster  f\u00f6r fels\u00f6kning  020-202070  F\u00d6F&#8217;S avtalsnummer KO43103.<\/p>\n\n\n<div><strong>Styrelsen<\/strong><\/div>\n<div>Styrelsen som helhet kan n\u00e5s p\u00e5 <a href=\"mailto:styrelse@frillesasfiber.se\">styrelse@frillesasfiber.se<\/a>.<\/div>\n<div>\u00a0<\/div>\n<div>\n<div>Thomas Hansson (ordf\u00f6rande)<\/div>\n<ul>\n<li>0730-757548<\/li>\n<li><a title=\"ordforande@frillesasfiber.se\" href=\"mailto:ordforande@frillesasfiber.se\">ordforande@frillesasfiber.se<\/a><\/li>\n<\/ul>\n<\/div>\n<div>\n<div>G\u00f6ran Somler (kass\u00f6r)<\/div>\n<ul>\n<li>0725-448977<\/li>\n<li><a title=\"kassor@frillesasfiber.se\" href=\"mailto:kassor@frillesasfiber.se\">kassor@frillesasfiber.se<\/a><\/li>\n<\/ul>\n<\/div>\n<div>\n<div>\n<div>\n<div>\n<div>\n<div>Christoffer Andersson<\/div>\n<ul>\n<li>0733-300 822<\/li>\n<\/ul>\n<\/div>\n<\/div>\n<\/div>\n<\/div>\n<\/div>\n<div>\n<div>Claes Rosander<\/div>\n<ul>\n<li>0763-102640<\/li>\n<\/ul>\n<div>Magnus Persson<\/div>\n<ul>\n<li>0733-411807<\/li>\n<\/ul>\n<\/div>\n<div>\n<div><strong>Post<\/strong><\/div>\n<\/div>\n<div>Frilles\u00e5s \u00d6stra Fibern\u00e4t, ekonomisk f\u00f6rening<\/div>\n<div>c\/o G\u00f6ran Somler<\/div>\n<div>Boatorpsv\u00e4gen 86<\/div>\n<div>439 63 Frilles\u00e5s<\/div>","protected":false},"excerpt":{"rendered":"<p>Telia I f\u00f6rsta han kontakta Telia&#8217;s kundtj\u00e4nst f\u00f6r kollektiva tj\u00e4nster f\u00f6r fels\u00f6kning 020-202070 F\u00d6F&#8217;S avtalsnummer KO43103. Styrelsen Styrelsen som helhet kan n\u00e5s p\u00e5 styrelse@frillesasfiber.se. \u00a0 Thomas Hansson (ordf\u00f6rande) 0730-757548 ordforande@frillesasfiber.se G\u00f6ran Somler (kass\u00f6r) 0725-448977 kassor@frillesasfiber.se Christoffer Andersson 0733-300 822 Claes Rosander 0763-102640 Magnus Persson 0733-411807 Post Frilles\u00e5s \u00d6stra Fibern\u00e4t, ekonomisk f\u00f6rening c\/o G\u00f6ran Somler Boatorpsv\u00e4gen &hellip; <a href=\"https:\/\/frillesasfiber.se\/cms2\/kontaktinformation\/\" class=\"more-link\">Forts\u00e4tt l\u00e4sa <span class=\"screen-reader-text\">Kontaktinformation<\/span> <span class=\"meta-nav\">&rarr;<\/span><\/a><\/p>\n","protected":false},"author":1,"featured_media":0,"parent":0,"menu_order":0,"comment_status":"closed","ping_status":"closed","template":"","meta":{"footnotes":""},"class_list":["post-5","page","type-page","status-publish","hentry"],"_links":{"self":[{"href":"https:\/\/frillesasfiber.se\/cms2\/wp-json\/wp\/v2\/pages\/5","targetHints":{"allow":["GET"]}}],"collection":[{"href":"https:\/\/frillesasfiber.se\/cms2\/wp-json\/wp\/v2\/pages"}],"about":[{"href":"https:\/\/frillesasfiber.se\/cms2\/wp-json\/wp\/v2\/types\/page"}],"author":[{"embeddable":true,"href":"https:\/\/frillesasfiber.se\/cms2\/wp-json\/wp\/v2\/users\/1"}],"replies":[{"embeddable":true,"href":"https:\/\/frillesasfiber.se\/cms2\/wp-json\/wp\/v2\/comments?post=5"}],"version-history":[{"count":23,"href":"https:\/\/frillesasfiber.se\/cms2\/wp-json\/wp\/v2\/pages\/5\/revisions"}],"predecessor-version":[{"id":680,"href":"https:\/\/frillesasfiber.se\/cms2\/wp-json\/wp\/v2\/pages\/5\/revisions\/680"}],"wp:attachment":[{"href":"https:\/\/frillesasfiber.se\/cms2\/wp-json\/wp\/v2\/media?parent=5"}],"curies":[{"name":"wp","href":"https:\/\/api.w.org\/{rel}","templated":true}]}}