{"id":369,"date":"2020-11-01T17:13:51","date_gmt":"2020-11-01T16:13:51","guid":{"rendered":"https:\/\/frillesasfiber.se\/cms2\/?page_id=369"},"modified":"2020-11-01T17:13:51","modified_gmt":"2020-11-01T16:13:51","slug":"utsattning-vid-gravarbete","status":"publish","type":"page","link":"https:\/\/frillesasfiber.se\/cms2\/utsattning-vid-gravarbete\/","title":{"rendered":"Uts\u00e4ttning vid gr\u00e4varbete"},"content":{"rendered":"\n<p>Om du ska utf\u00f6ra gr\u00e4varbeten inom v\u00e5rt fiberomr\u00e5de, s\u00e5 kan du eller din entrepren\u00f6r g\u00f6ra en anm\u00e4lan p\u00e5 Ledningskollen.se. D\u00e5 kommer v\u00e5r servicepartner ut enligt \u00f6verenskommelse och s\u00e4tter ut var fibern ligger nedgr\u00e4vd. En s\u00e5dan uts\u00e4ttning \u00e4r giltig i en m\u00e5nad. Om en medlem som uppl\u00e5tit mark f\u00f6r fiber g\u00f6r ett \u00e4rende p\u00e5 den marken, s\u00e5 bekostas uts\u00e4ttningen av f\u00f6reningen. I \u00f6vriga fall f\u00e5r den som g\u00f6r \u00e4rendet sj\u00e4lv bekosta uts\u00e4ttningen till sj\u00e4lvkostnadspris.<\/p>\n","protected":false},"excerpt":{"rendered":"<p>Om du ska utf\u00f6ra gr\u00e4varbeten inom v\u00e5rt fiberomr\u00e5de, s\u00e5 kan du eller din entrepren\u00f6r g\u00f6ra en anm\u00e4lan p\u00e5 Ledningskollen.se. D\u00e5 kommer v\u00e5r servicepartner ut enligt \u00f6verenskommelse och s\u00e4tter ut var fibern ligger nedgr\u00e4vd. En s\u00e5dan uts\u00e4ttning \u00e4r giltig i en m\u00e5nad. Om en medlem som uppl\u00e5tit mark f\u00f6r fiber g\u00f6r ett \u00e4rende p\u00e5 den marken, &hellip; <a href=\"https:\/\/frillesasfiber.se\/cms2\/utsattning-vid-gravarbete\/\" class=\"more-link\">Forts\u00e4tt l\u00e4sa <span class=\"screen-reader-text\">Uts\u00e4ttning vid gr\u00e4varbete<\/span> <span class=\"meta-nav\">&rarr;<\/span><\/a><\/p>\n","protected":false},"author":1,"featured_media":0,"parent":0,"menu_order":0,"comment_status":"closed","ping_status":"closed","template":"","meta":{"footnotes":""},"class_list":["post-369","page","type-page","status-publish","hentry"],"_links":{"self":[{"href":"https:\/\/frillesasfiber.se\/cms2\/wp-json\/wp\/v2\/pages\/369","targetHints":{"allow":["GET"]}}],"collection":[{"href":"https:\/\/frillesasfiber.se\/cms2\/wp-json\/wp\/v2\/pages"}],"about":[{"href":"https:\/\/frillesasfiber.se\/cms2\/wp-json\/wp\/v2\/types\/page"}],"author":[{"embeddable":true,"href":"https:\/\/frillesasfiber.se\/cms2\/wp-json\/wp\/v2\/users\/1"}],"replies":[{"embeddable":true,"href":"https:\/\/frillesasfiber.se\/cms2\/wp-json\/wp\/v2\/comments?post=369"}],"version-history":[{"count":1,"href":"https:\/\/frillesasfiber.se\/cms2\/wp-json\/wp\/v2\/pages\/369\/revisions"}],"predecessor-version":[{"id":370,"href":"https:\/\/frillesasfiber.se\/cms2\/wp-json\/wp\/v2\/pages\/369\/revisions\/370"}],"wp:attachment":[{"href":"https:\/\/frillesasfiber.se\/cms2\/wp-json\/wp\/v2\/media?parent=369"}],"curies":[{"name":"wp","href":"https:\/\/api.w.org\/{rel}","templated":true}]}}