{"id":24,"date":"2014-06-07T09:28:34","date_gmt":"2014-06-07T09:28:34","guid":{"rendered":"http:\/\/frillesasfiber.se\/cms2\/?page_id=24"},"modified":"2021-08-10T21:07:56","modified_gmt":"2021-08-10T19:07:56","slug":"medlemsinformation","status":"publish","type":"page","link":"https:\/\/frillesasfiber.se\/cms2\/medlemsinformation\/","title":{"rendered":"Medlemsinformation"},"content":{"rendered":"<p>H\u00e4r finns sidor som ber\u00f6r medlemmarna i f\u00f6reningen.<\/p>\n<ul>\n<li><a href=\"http:\/\/frillesasfiber.se\/cms2\/?cat=3\">L\u00f6pande medlemsinformation<\/a><\/li>\n<li><a href=\"http:\/\/frillesasfiber.se\/cms2\/dokument\/\">Dokument<\/a><\/li>\n<li><a title=\"Probleml\u00f6sning\" href=\"http:\/\/frillesasfiber.se\/cms2\/?page_id=21\">Probleml\u00f6sning<\/a><\/li>\n<\/ul>\n","protected":false},"excerpt":{"rendered":"<p>H\u00e4r finns sidor som ber\u00f6r medlemmarna i f\u00f6reningen. L\u00f6pande medlemsinformation Dokument Probleml\u00f6sning<\/p>\n","protected":false},"author":4,"featured_media":0,"parent":0,"menu_order":0,"comment_status":"closed","ping_status":"closed","template":"","meta":{"footnotes":""},"class_list":["post-24","page","type-page","status-publish","hentry"],"_links":{"self":[{"href":"https:\/\/frillesasfiber.se\/cms2\/wp-json\/wp\/v2\/pages\/24","targetHints":{"allow":["GET"]}}],"collection":[{"href":"https:\/\/frillesasfiber.se\/cms2\/wp-json\/wp\/v2\/pages"}],"about":[{"href":"https:\/\/frillesasfiber.se\/cms2\/wp-json\/wp\/v2\/types\/page"}],"author":[{"embeddable":true,"href":"https:\/\/frillesasfiber.se\/cms2\/wp-json\/wp\/v2\/users\/4"}],"replies":[{"embeddable":true,"href":"https:\/\/frillesasfiber.se\/cms2\/wp-json\/wp\/v2\/comments?post=24"}],"version-history":[{"count":2,"href":"https:\/\/frillesasfiber.se\/cms2\/wp-json\/wp\/v2\/pages\/24\/revisions"}],"predecessor-version":[{"id":162,"href":"https:\/\/frillesasfiber.se\/cms2\/wp-json\/wp\/v2\/pages\/24\/revisions\/162"}],"wp:attachment":[{"href":"https:\/\/frillesasfiber.se\/cms2\/wp-json\/wp\/v2\/media?parent=24"}],"curies":[{"name":"wp","href":"https:\/\/api.w.org\/{rel}","templated":true}]}}