{"id":190,"date":"2017-05-21T10:31:32","date_gmt":"2017-05-21T08:31:32","guid":{"rendered":"http:\/\/frillesasfiber.se\/cms2\/?page_id=190"},"modified":"2017-06-12T07:23:13","modified_gmt":"2017-06-12T05:23:13","slug":"anmalan-autogiro","status":"publish","type":"page","link":"https:\/\/frillesasfiber.se\/cms2\/anmalan-autogiro\/","title":{"rendered":"Anm\u00e4lan autogiro"},"content":{"rendered":"<p>Det finns tv\u00e5 olika s\u00e4tt att ansluta till autogiro, antingen via en <a href=\"http:\/\/frillesasfiber.se\/cms2\/dokument\/\">blankett<\/a> eller att man anm\u00e4ler via sin bank. Om man anm\u00e4ler sig via sin bank \u00e4r det mycket st\u00f6rre sannolikhet att\u00a0allting blir r\u00e4tt redan fr\u00e5n b\u00f6rjan, men eftersom f\u00f6reningen inte f\u00e5r n\u00e5got meddelande om att man har anm\u00e4lt sig b\u00f6r man komplettera anm\u00e4lan med ett mail till <a href=\"mailto:styrelse@frillesasfiber.se?Subject=Autogiroanm\u00e4lan\">styrelsen (styrelse@frillesasfiber.se)<\/a>\u00a0och s\u00e4ga att man har anm\u00e4lt sig denna v\u00e4gen.<\/p>\n<p>Nedan finns exempel p\u00e5 hur man g\u00f6r p\u00e5 olika banker. Om din bank inte finns med betyder det inte att det inte g\u00e5r, utan att vi inte har information om hur det ser ut p\u00e5 just din internetbank.<\/p>\n<h2>Anm\u00e4lan Swedbank<\/h2>\n<p>Logga in och g\u00e5 in p\u00e5:<\/p>\n<ul>\n<li>Betala\/\u00d6verf\u00f6ra<\/li>\n<li>Autogiro.<\/li>\n<li>Nytt autogiromedgivande<\/li>\n<\/ul>\n<p>Skriv &#8221;Frilles\u00e5s&#8221; i Mottagarnamn, och Frilles\u00e5s \u00d6stra Fibern\u00e4t b\u00f6r dyka upp i listan.<\/p>\n<p>Fyll i resterande uppgifter och signera. Om du f\u00e5tt ett betalarnummer fr\u00e5n oss redan kan du skriva i det, v\u00e4lj annars 7777 som betalarnummer, s\u00e5 fixar vi det n\u00e4r vi f\u00e5tt in anm\u00e4lan.<\/p>\n<p>Gl\u00f6m inte att skicka ett mail till <a href=\"mailto:styrelse@frillesasfiber.se?Subject=Autogiroanm\u00e4lan\">styrelsen (styrelse@frillesasfiber.se)<\/a>\u00a0om att du anm\u00e4lt dig denna v\u00e4gen.<\/p>\n<h2>Anm\u00e4lan Nordea<\/h2>\n<p>Logga in och g\u00e5 in p\u00e5<\/p>\n<ul>\n<li>VARDAGS\u00c4RENDEN<\/li>\n<li>BETALA OCH \u00d6VERF\u00d6RA<\/li>\n<li>AUTOGIRO<\/li>\n<li>ANM\u00c4LAN<\/li>\n<li>BETALNINGSMOTTAGARE<\/li>\n<\/ul>\n<p>Fyll i Frilles\u00e5s under betalningsmottagare (hoppa \u00f6ver bransch).<\/p>\n<p>Fyll i resterande uppgifter och signera. Om du har f\u00e5tt ett betalarnummer fr\u00e5n oss redan kan du fylla i det, v\u00e4lj annars 7777 som betalarnummer, s\u00e5 fixar vi det n\u00e4r vi f\u00e5tt in anm\u00e4lan.<\/p>\n<p>Gl\u00f6m inte att skicka ett mail till <a href=\"mailto:styrelse@frillesasfiber.se?Subject=Autogiroanm\u00e4lan\">styrelsen (styrelse@frillesasfiber.se)<\/a>\u00a0om att du anm\u00e4lt dig denna v\u00e4gen.<\/p>\n<h2>Anm\u00e4lan L\u00e4nsf\u00f6rs\u00e4kringar Bank<\/h2>\n<p>Logga in och g\u00e5 in p\u00e5<\/p>\n<ul>\n<li>Betalningar<\/li>\n<li>Autogiro<\/li>\n<li>Teckna nytt<\/li>\n<li>V\u00e4lj &#8221;Frilles\u00e5s \u00d6stra Fibern\u00e4t&#8221;<\/li>\n<li>V\u00e4lj konto som pengarna skall dras ifr\u00e5n<\/li>\n<\/ul>\n<p>Fyll i resterande uppgifter och signera. Om du har f\u00e5tt ett betalarnummer fr\u00e5n oss redan kan du fylla i det, v\u00e4lj annars 7777 som betalarnummer, s\u00e5 fixar vi det n\u00e4r vi f\u00e5tt in anm\u00e4lan.<\/p>\n<p>Gl\u00f6m inte att skicka ett mail till <a href=\"mailto:styrelse@frillesasfiber.se?Subject=Autogiroanm\u00e4lan\">styrelsen (styrelse@frillesasfiber.se)<\/a>\u00a0om att du anm\u00e4lt dig denna v\u00e4gen.<\/p>\n<p>&nbsp;<\/p>\n","protected":false},"excerpt":{"rendered":"<p>Det finns tv\u00e5 olika s\u00e4tt att ansluta till autogiro, antingen via en blankett eller att man anm\u00e4ler via sin bank. Om man anm\u00e4ler sig via sin bank \u00e4r det mycket st\u00f6rre sannolikhet att\u00a0allting blir r\u00e4tt redan fr\u00e5n b\u00f6rjan, men eftersom f\u00f6reningen inte f\u00e5r n\u00e5got meddelande om att man har anm\u00e4lt sig b\u00f6r man komplettera anm\u00e4lan &hellip; <a href=\"https:\/\/frillesasfiber.se\/cms2\/anmalan-autogiro\/\" class=\"more-link\">Forts\u00e4tt l\u00e4sa <span class=\"screen-reader-text\">Anm\u00e4lan autogiro<\/span> <span class=\"meta-nav\">&rarr;<\/span><\/a><\/p>\n","protected":false},"author":1,"featured_media":0,"parent":0,"menu_order":0,"comment_status":"closed","ping_status":"closed","template":"","meta":{"footnotes":""},"class_list":["post-190","page","type-page","status-publish","hentry"],"_links":{"self":[{"href":"https:\/\/frillesasfiber.se\/cms2\/wp-json\/wp\/v2\/pages\/190","targetHints":{"allow":["GET"]}}],"collection":[{"href":"https:\/\/frillesasfiber.se\/cms2\/wp-json\/wp\/v2\/pages"}],"about":[{"href":"https:\/\/frillesasfiber.se\/cms2\/wp-json\/wp\/v2\/types\/page"}],"author":[{"embeddable":true,"href":"https:\/\/frillesasfiber.se\/cms2\/wp-json\/wp\/v2\/users\/1"}],"replies":[{"embeddable":true,"href":"https:\/\/frillesasfiber.se\/cms2\/wp-json\/wp\/v2\/comments?post=190"}],"version-history":[{"count":5,"href":"https:\/\/frillesasfiber.se\/cms2\/wp-json\/wp\/v2\/pages\/190\/revisions"}],"predecessor-version":[{"id":207,"href":"https:\/\/frillesasfiber.se\/cms2\/wp-json\/wp\/v2\/pages\/190\/revisions\/207"}],"wp:attachment":[{"href":"https:\/\/frillesasfiber.se\/cms2\/wp-json\/wp\/v2\/media?parent=190"}],"curies":[{"name":"wp","href":"https:\/\/api.w.org\/{rel}","templated":true}]}}