{"id":152,"date":"2017-02-20T22:13:18","date_gmt":"2017-02-20T21:13:18","guid":{"rendered":"http:\/\/frillesasfiber.se\/cms2\/?page_id=152"},"modified":"2026-02-27T09:08:12","modified_gmt":"2026-02-27T08:08:12","slug":"dokument","status":"publish","type":"page","link":"https:\/\/frillesasfiber.se\/cms2\/dokument\/","title":{"rendered":"Dokument"},"content":{"rendered":"<p><a href=\"https:\/\/frillesasfiber.se\/cms2\/wp-content\/uploads\/2018\/10\/anslutningsavtal2018-.pdf\">Anslutningsavtal<\/a><\/p>\n<p><a href=\"https:\/\/frillesasfiber.se\/cms2\/wp-content\/uploads\/2017\/02\/autogiroanm\u00e4lan.pdf\">Autogiroanm\u00e4lan<\/a>\u00a0(se \u00e4ven<a href=\"https:\/\/frillesasfiber.se\/cms2\/anmalan-autogiro\/\"> Anm\u00e4lan autogiro<\/a> f\u00f6r\u00a0elektronisk anm\u00e4lan)<\/p>\n<p><a href=\"https:\/\/frillesasfiber.se\/cms2\/wp-content\/uploads\/2026\/02\/Agarbyte-2024-.docx\">\u00c4garbyte<\/a><\/p>\n<p><a href=\"https:\/\/frillesasfiber.se\/cms2\/wp-content\/uploads\/2026\/02\/instruktionsbrev-vid-agarbyte.docx\">instruktionsbrev vid \u00e4garbyte<\/a><\/p>\n<p><a href=\"https:\/\/frillesasfiber.se\/cms2\/wp-content\/uploads\/2021\/06\/Stadgar-2021-06-07.pdf\">Stadgar 2021<\/a><\/p>\n<p><a href=\"https:\/\/frillesasfiber.se\/cms2\/wp-content\/uploads\/2017\/02\/ordningsf\u00f6reskrifter.pdf\">Ordningsf\u00f6reskrifter<\/a><\/p>\n<p>(Uppdaterad 2023-12-13 )<\/p>\n\n\n<p><\/p>\n","protected":false},"excerpt":{"rendered":"<p>Anslutningsavtal Autogiroanm\u00e4lan\u00a0(se \u00e4ven Anm\u00e4lan autogiro f\u00f6r\u00a0elektronisk anm\u00e4lan) \u00c4garbyte instruktionsbrev vid \u00e4garbyte Stadgar 2021 Ordningsf\u00f6reskrifter (Uppdaterad 2023-12-13 )<\/p>\n","protected":false},"author":1,"featured_media":0,"parent":0,"menu_order":0,"comment_status":"closed","ping_status":"closed","template":"","meta":{"footnotes":""},"class_list":["post-152","page","type-page","status-publish","hentry"],"_links":{"self":[{"href":"https:\/\/frillesasfiber.se\/cms2\/wp-json\/wp\/v2\/pages\/152","targetHints":{"allow":["GET"]}}],"collection":[{"href":"https:\/\/frillesasfiber.se\/cms2\/wp-json\/wp\/v2\/pages"}],"about":[{"href":"https:\/\/frillesasfiber.se\/cms2\/wp-json\/wp\/v2\/types\/page"}],"author":[{"embeddable":true,"href":"https:\/\/frillesasfiber.se\/cms2\/wp-json\/wp\/v2\/users\/1"}],"replies":[{"embeddable":true,"href":"https:\/\/frillesasfiber.se\/cms2\/wp-json\/wp\/v2\/comments?post=152"}],"version-history":[{"count":12,"href":"https:\/\/frillesasfiber.se\/cms2\/wp-json\/wp\/v2\/pages\/152\/revisions"}],"predecessor-version":[{"id":693,"href":"https:\/\/frillesasfiber.se\/cms2\/wp-json\/wp\/v2\/pages\/152\/revisions\/693"}],"wp:attachment":[{"href":"https:\/\/frillesasfiber.se\/cms2\/wp-json\/wp\/v2\/media?parent=152"}],"curies":[{"name":"wp","href":"https:\/\/api.w.org\/{rel}","templated":true}]}}