{"id":14,"date":"2014-06-07T09:12:15","date_gmt":"2014-06-07T09:12:15","guid":{"rendered":"http:\/\/frillesasfiber.se\/cms2\/?page_id=14"},"modified":"2026-01-20T20:27:23","modified_gmt":"2026-01-20T19:27:23","slug":"startsida","status":"publish","type":"page","link":"https:\/\/frillesasfiber.se\/cms2\/","title":{"rendered":"Startsida"},"content":{"rendered":"<p>V\u00e4lkommen till Frilles\u00e5s Fiber.<\/p>\n<p>Vi \u00e4r en ekonomisk f\u00f6rening som \u00e4ger och driver ett lokalt fibern\u00e4t f\u00f6r v\u00e5ra medlemmar. Medlemmarna har tillg\u00e5ng till TV och Internet (250\/250)<\/p>\n<p>Generellt g\u00e4ller att vid problem med fiberanslutning eller utrustning kontaktas Telias kundtj\u00e4nst.<\/p>\n<p>Telia&#8217;s kundtj\u00e4nst f\u00f6r kollektiva tj\u00e4nster 020-202070<\/p>\n<p>F\u00d6F&#8217;S avtalsnummer KO43103.<\/p>\n<p>&nbsp;<\/p>\n","protected":false},"excerpt":{"rendered":"<p>V\u00e4lkommen till Frilles\u00e5s Fiber. Vi \u00e4r en ekonomisk f\u00f6rening som \u00e4ger och driver ett lokalt fibern\u00e4t f\u00f6r v\u00e5ra medlemmar. Medlemmarna har tillg\u00e5ng till TV och Internet (250\/250) Generellt g\u00e4ller att vid problem med fiberanslutning eller utrustning kontaktas Telias kundtj\u00e4nst. Telia&#8217;s kundtj\u00e4nst f\u00f6r kollektiva tj\u00e4nster 020-202070 F\u00d6F&#8217;S avtalsnummer KO43103. &nbsp;<\/p>\n","protected":false},"author":1,"featured_media":0,"parent":0,"menu_order":0,"comment_status":"closed","ping_status":"closed","template":"","meta":{"footnotes":""},"class_list":["post-14","page","type-page","status-publish","hentry"],"_links":{"self":[{"href":"https:\/\/frillesasfiber.se\/cms2\/wp-json\/wp\/v2\/pages\/14","targetHints":{"allow":["GET"]}}],"collection":[{"href":"https:\/\/frillesasfiber.se\/cms2\/wp-json\/wp\/v2\/pages"}],"about":[{"href":"https:\/\/frillesasfiber.se\/cms2\/wp-json\/wp\/v2\/types\/page"}],"author":[{"embeddable":true,"href":"https:\/\/frillesasfiber.se\/cms2\/wp-json\/wp\/v2\/users\/1"}],"replies":[{"embeddable":true,"href":"https:\/\/frillesasfiber.se\/cms2\/wp-json\/wp\/v2\/comments?post=14"}],"version-history":[{"count":6,"href":"https:\/\/frillesasfiber.se\/cms2\/wp-json\/wp\/v2\/pages\/14\/revisions"}],"predecessor-version":[{"id":682,"href":"https:\/\/frillesasfiber.se\/cms2\/wp-json\/wp\/v2\/pages\/14\/revisions\/682"}],"wp:attachment":[{"href":"https:\/\/frillesasfiber.se\/cms2\/wp-json\/wp\/v2\/media?parent=14"}],"curies":[{"name":"wp","href":"https:\/\/api.w.org\/{rel}","templated":true}]}}